{"id":2,"date":"2009-05-13T16:37:10","date_gmt":"2009-05-13T20:37:10","guid":{"rendered":"http:\/\/anthonyr.ca\/blog\/?page_id=2"},"modified":"2016-11-07T00:00:52","modified_gmt":"2016-11-07T04:00:52","slug":"about","status":"publish","type":"page","link":"https:\/\/anthonyr.ca\/blog\/about\/","title":{"rendered":"Bio"},"content":{"rendered":"<p><a href=\"http:\/\/anthonyr.ca\/blog\/about\/attachment\/anthony-headshot\/\" rel=\"attachment wp-att-4703\"><img loading=\"lazy\" decoding=\"async\" src=\"http:\/\/anthonyr.ca\/blog\/wp-content\/uploads\/2009\/05\/anthony-headshot.jpg\" alt=\"portrait\" width=\"970\" height=\"567\" class=\"alignnone size-full wp-image-4703\" srcset=\"https:\/\/anthonyr.ca\/blog\/wp-content\/uploads\/2009\/05\/anthony-headshot.jpg 970w, https:\/\/anthonyr.ca\/blog\/wp-content\/uploads\/2009\/05\/anthony-headshot-150x88.jpg 150w, https:\/\/anthonyr.ca\/blog\/wp-content\/uploads\/2009\/05\/anthony-headshot-768x449.jpg 768w\" sizes=\"auto, (max-width: 970px) 100vw, 970px\" \/><\/a><\/p>\n<p style=\"text-align: left;\">Bienvenue sur mon blogue ! C&#8217;est l&#8217;endroit o\u00f9 vous trouverez mes plus r\u00e9centes photos. Si vous aimez mon travail, je vous invite \u00e0 laisser des commentaires ! J&#8217;ai d\u00e9but\u00e9 ma carri\u00e8re\u00a0comme photographe de presse en 1997, et j&#8217;ai\u00a0compl\u00e9t\u00e9 un baccalaur\u00e9at en journalisme \u00e0 l&#8217;UQAM en 2002.\u00a0En 2003,\u00a0des\u00a0amis de longue date m&#8217;ont demand\u00e9 de photographier leur mariage. J&#8217;ai accept\u00e9 spontan\u00e9ment sans savoir que j&#8217;allais y\u00a0prendre go\u00fbt rapidement, au point de me consacrer uniquement\u00a0\u00e0 la photographie de mariage depuis 2004.\u00a0J&#8217;aime appliquer\u00a0les concepts du\u00a0photojournalisme \u00e0 la photographie de mariage. Les photos sont charg\u00e9es d&#8217;\u00e9motions, naturelles et spontan\u00e9es. Mon approche est simple, elle est bas\u00e9e sur\u00a0la qualit\u00e9 de la lumi\u00e8re, l&#8217;originalit\u00e9 du cadrage, et la capacit\u00e9 de capturer l&#8217;instant d\u00e9cisif. Au plaisir de vous rencontrer !<\/p>\n<p style=\"text-align: left;\">Welcome to my blog ! I started out as a press photographer in 1997, and I completed a B.A. in journalism in 2002. One year later, a friend asked me to photograph his wedding. I loved the experience so much, I became a full time wedding photographer by 2004 ! My approach to photography is simple. I believe that less is more. I rely on three basic principles I applied every day as a photojournalist: good lighting, good composition and good storytelling.\u00a0However, producing great images is just the first step. My vision is to create stunning albums that set me apart from everyone else. I am looking forward to hearing about your wedding day and introducing you to my services and products !<\/p>\n<p style=\"text-align: left;\">Anthony Rancourt<\/p>\n<\/div>\n","protected":false},"excerpt":{"rendered":"<p>Bienvenue sur mon blogue ! C&#8217;est l&#8217;endroit o\u00f9 vous trouverez mes plus r\u00e9centes photos. Si vous aimez mon travail, je vous invite \u00e0 laisser des commentaires ! J&#8217;ai d\u00e9but\u00e9 ma carri\u00e8re\u00a0comme photographe de presse en 1997, et j&#8217;ai\u00a0compl\u00e9t\u00e9 un baccalaur\u00e9at en journalisme \u00e0 l&#8217;UQAM en 2002.\u00a0En 2003,\u00a0des\u00a0amis de longue date m&#8217;ont demand\u00e9 de photographier leur [&hellip;]<\/p>\n","protected":false},"author":1,"featured_media":0,"parent":0,"menu_order":0,"comment_status":"open","ping_status":"open","template":"","meta":{"_monsterinsights_skip_tracking":false,"_monsterinsights_sitenote_active":false,"_monsterinsights_sitenote_note":"","_monsterinsights_sitenote_category":0,"footnotes":""},"class_list":["post-2","page","type-page","status-publish","hentry"],"_links":{"self":[{"href":"https:\/\/anthonyr.ca\/blog\/wp-json\/wp\/v2\/pages\/2","targetHints":{"allow":["GET"]}}],"collection":[{"href":"https:\/\/anthonyr.ca\/blog\/wp-json\/wp\/v2\/pages"}],"about":[{"href":"https:\/\/anthonyr.ca\/blog\/wp-json\/wp\/v2\/types\/page"}],"author":[{"embeddable":true,"href":"https:\/\/anthonyr.ca\/blog\/wp-json\/wp\/v2\/users\/1"}],"replies":[{"embeddable":true,"href":"https:\/\/anthonyr.ca\/blog\/wp-json\/wp\/v2\/comments?post=2"}],"version-history":[{"count":35,"href":"https:\/\/anthonyr.ca\/blog\/wp-json\/wp\/v2\/pages\/2\/revisions"}],"predecessor-version":[{"id":4705,"href":"https:\/\/anthonyr.ca\/blog\/wp-json\/wp\/v2\/pages\/2\/revisions\/4705"}],"wp:attachment":[{"href":"https:\/\/anthonyr.ca\/blog\/wp-json\/wp\/v2\/media?parent=2"}],"curies":[{"name":"wp","href":"https:\/\/api.w.org\/{rel}","templated":true}]}}