{"id":234,"date":"2009-11-20T12:00:54","date_gmt":"2009-11-20T16:00:54","guid":{"rendered":"http:\/\/anthonyr.ca\/blog\/?page_id=234"},"modified":"2025-09-03T00:01:15","modified_gmt":"2025-09-03T04:01:15","slug":"contact","status":"publish","type":"page","link":"https:\/\/anthonyr.ca\/blog\/contact\/","title":{"rendered":"Contact"},"content":{"rendered":"<p>Je suis bas\u00e9 \u00e0 Qu\u00e9bec et j&#8217;aime voyager ! Je suis disponible pour photographier votre demande en mariage, votre s\u00e9ance de fian\u00e7ailles, votre mariage ou anniversaire de mariage ou bien votre s\u00e9ance trash the dress dans toutes les r\u00e9gions du Qu\u00e9bec et au Canada. Je photographie personnellement chaque mariage et j&#8217;accepte un nombre limit\u00e9 d&#8217;assignations pour vous offrir le meilleur service possible. S.V.P. contactez-moi par courriel ou remplissez le formulaire ci-dessous pour v\u00e9rifier si votre date est disponible et\u00a0planifier une rencontre.<\/p>\n<p>Thank you for considering me to capture your special day ! Based in Quebec City, I am available for local and destination weddings. I personally photograph each and every wedding and I only accept a limited number of commissions each year to ensure the utmost quality and care in my products and services. Please send me an email or fill out the form below to inquire about wedding date availability and book a consultation. The consultation\u00a0may by held in person or via video call if you live outside the Quebec City area.\u00a0I look forward to hearing from you !<\/p>\n<p>Anthony Rancourt<\/p>\n<p>Les champs avec un ast\u00e9risque sont obligatoires.<br \/>\nFields marked with an asterisk are required.<br \/>\n\n<div class=\"wpcf7 no-js\" id=\"wpcf7-f1994-o1\" lang=\"en-US\" dir=\"ltr\" data-wpcf7-id=\"1994\">\n<div class=\"screen-reader-response\"><p role=\"status\" aria-live=\"polite\" aria-atomic=\"true\"><\/p> <ul><\/ul><\/div>\n<form action=\"\/blog\/wp-json\/wp\/v2\/pages\/234#wpcf7-f1994-o1\" method=\"post\" class=\"wpcf7-form init\" aria-label=\"Contact form\" novalidate=\"novalidate\" data-status=\"init\">\n<fieldset class=\"hidden-fields-container\"><input type=\"hidden\" name=\"_wpcf7\" value=\"1994\" \/><input type=\"hidden\" name=\"_wpcf7_version\" value=\"6.1.5\" \/><input type=\"hidden\" name=\"_wpcf7_locale\" value=\"en_US\" \/><input type=\"hidden\" name=\"_wpcf7_unit_tag\" value=\"wpcf7-f1994-o1\" \/><input type=\"hidden\" name=\"_wpcf7_container_post\" value=\"0\" \/><input type=\"hidden\" name=\"_wpcf7_posted_data_hash\" value=\"\" \/>\n<\/fieldset>\n<p>*Your Name (first and last)\n<\/p>\n<p><span class=\"wpcf7-form-control-wrap\" data-name=\"your-name\"><input size=\"40\" maxlength=\"400\" class=\"wpcf7-form-control wpcf7-text wpcf7-validates-as-required\" aria-required=\"true\" aria-invalid=\"false\" value=\"\" type=\"text\" name=\"your-name\" \/><\/span>\n<\/p>\n<p>*Your Email\n<\/p>\n<p><span class=\"wpcf7-form-control-wrap\" data-name=\"your-email\"><input size=\"40\" maxlength=\"400\" class=\"wpcf7-form-control wpcf7-email wpcf7-validates-as-required wpcf7-text wpcf7-validates-as-email\" aria-required=\"true\" aria-invalid=\"false\" value=\"\" type=\"email\" name=\"your-email\" \/><\/span>\n<\/p>\n<p>Subject\n<\/p>\n<p><span class=\"wpcf7-form-control-wrap\" data-name=\"your-subject\"><input size=\"40\" maxlength=\"400\" class=\"wpcf7-form-control wpcf7-text\" aria-invalid=\"false\" value=\"\" type=\"text\" name=\"your-subject\" \/><\/span>\n<\/p>\n<p>Tell me what you are looking for\n<\/p>\n<p><span class=\"wpcf7-form-control-wrap\" data-name=\"tell-me-what-you-are-looking-for\"><textarea cols=\"40\" rows=\"10\" maxlength=\"2000\" class=\"wpcf7-form-control wpcf7-textarea\" aria-invalid=\"false\" name=\"tell-me-what-you-are-looking-for\"><\/textarea><\/span>\n<\/p>\n<p><span class=\"wpcf7-form-control-wrap\" data-name=\"math-quiz\"><label><span class=\"wpcf7-quiz-label\">32+8=?<\/span> <input size=\"40\" class=\"wpcf7-form-control wpcf7-quiz\" autocomplete=\"off\" aria-required=\"true\" aria-invalid=\"false\" type=\"text\" name=\"math-quiz\" \/><\/label><input type=\"hidden\" name=\"_wpcf7_quiz_answer_math-quiz\" value=\"ff398fc39c8f3f2eb5f6b5f05cf2a46f\" \/><\/span>\n<\/p>\n<p><input class=\"wpcf7-form-control wpcf7-submit has-spinner\" type=\"submit\" value=\"Send\" \/>\n<\/p><p style=\"display: none !important;\" class=\"akismet-fields-container\" data-prefix=\"_wpcf7_ak_\"><label>&#916;<textarea name=\"_wpcf7_ak_hp_textarea\" cols=\"45\" rows=\"8\" maxlength=\"100\"><\/textarea><\/label><input type=\"hidden\" id=\"ak_js_1\" name=\"_wpcf7_ak_js\" value=\"12\"\/><script type=\"text\/javascript\">\n\/* <![CDATA[ *\/\ndocument.getElementById( \"ak_js_1\" ).setAttribute( \"value\", ( new Date() ).getTime() );\n\/* ]]> *\/\n<\/script>\n<\/p><div class=\"wpcf7-response-output\" aria-hidden=\"true\"><\/div>\n<\/form>\n<\/div>\n<\/p>\n","protected":false},"excerpt":{"rendered":"<p>Je suis bas\u00e9 \u00e0 Qu\u00e9bec et j&#8217;aime voyager ! Je suis disponible pour photographier votre demande en mariage, votre s\u00e9ance de fian\u00e7ailles, votre mariage ou anniversaire de mariage ou bien votre s\u00e9ance trash the dress dans toutes les r\u00e9gions du Qu\u00e9bec et au Canada. Je photographie personnellement chaque mariage et j&#8217;accepte un nombre limit\u00e9 d&#8217;assignations [&hellip;]<\/p>\n","protected":false},"author":1,"featured_media":0,"parent":0,"menu_order":0,"comment_status":"open","ping_status":"open","template":"","meta":{"_monsterinsights_skip_tracking":false,"_monsterinsights_sitenote_active":false,"_monsterinsights_sitenote_note":"","_monsterinsights_sitenote_category":0,"footnotes":""},"class_list":["post-234","page","type-page","status-publish","hentry"],"_links":{"self":[{"href":"https:\/\/anthonyr.ca\/blog\/wp-json\/wp\/v2\/pages\/234","targetHints":{"allow":["GET"]}}],"collection":[{"href":"https:\/\/anthonyr.ca\/blog\/wp-json\/wp\/v2\/pages"}],"about":[{"href":"https:\/\/anthonyr.ca\/blog\/wp-json\/wp\/v2\/types\/page"}],"author":[{"embeddable":true,"href":"https:\/\/anthonyr.ca\/blog\/wp-json\/wp\/v2\/users\/1"}],"replies":[{"embeddable":true,"href":"https:\/\/anthonyr.ca\/blog\/wp-json\/wp\/v2\/comments?post=234"}],"version-history":[{"count":65,"href":"https:\/\/anthonyr.ca\/blog\/wp-json\/wp\/v2\/pages\/234\/revisions"}],"predecessor-version":[{"id":5255,"href":"https:\/\/anthonyr.ca\/blog\/wp-json\/wp\/v2\/pages\/234\/revisions\/5255"}],"wp:attachment":[{"href":"https:\/\/anthonyr.ca\/blog\/wp-json\/wp\/v2\/media?parent=234"}],"curies":[{"name":"wp","href":"https:\/\/api.w.org\/{rel}","templated":true}]}}