{"id":5166,"date":"2023-09-23T23:38:44","date_gmt":"2023-09-24T03:38:44","guid":{"rendered":"https:\/\/anthonyr.ca\/blog\/?page_id=5166"},"modified":"2023-11-06T21:38:35","modified_gmt":"2023-11-07T01:38:35","slug":"politique-confidentialite-privacy-policy","status":"publish","type":"page","link":"https:\/\/anthonyr.ca\/blog\/politique-confidentialite-privacy-policy\/","title":{"rendered":"Politiques"},"content":{"rendered":"\r\n<p><strong>Politique de confidentialit\u00e9<\/strong><\/p>\r\n<p>Anthony Rancourt offre un service de photographie. En retenant ses services ou en communiquant avec lui pour obtenir une soumission, vous consentez \u00e0 la collecte potentielle de certaines donn\u00e9es personnelles et \u00e0 leur usage tel que d\u00e9crit dans cette politique. Les donn\u00e9es collect\u00e9es peuvent \u00eatre votre nom, num\u00e9ro de t\u00e9l\u00e9phone, adresse courriel et les images prises lors de la s\u00e9ance photo. Ces informations sont utilis\u00e9es afin d\u2019offrir le service de photographie. Aucune information n\u2019est vendue \u00e0 des tiers parties. Et aucune photo n\u2019est diffus\u00e9e sans votre accord pr\u00e9alable. Si vous souhaitez payer en ligne par carte de cr\u00e9dit, votre nom et votre adresse courriel seront transmis \u00e0 Square pour l&#8217;\u00e9mission de la facture. Si vous d\u00e9sirez signer le contrat de photographie de mariage en ligne, votre adresse courriel sera transmise \u00e0 HelloSign pour l&#8217;envoi du contrat \u00e9lectronique. Google Analytics est utilis\u00e9 sur ce site Web pour conna\u00eetre les statistiques de fr\u00e9quentation. Pour toute demande ou question en lien avec vos donn\u00e9es personnelles, vous pouvez contacter Anthony Rancourt par courriel: info@anthonyr.ca<\/p>\r\n\r\n\r\n\r\n<p><strong>Modes de paiement<\/strong><\/p>\r\n<p>Les clients canadiens peuvent payer une facture en ligne par carte de cr\u00e9dit via Square, par ch\u00e8que personnel libell\u00e9 au nom de Anthony Rancourt, par virement Interac ou en argent comptant. Les clients situ\u00e9s \u00e0 l&#8217;ext\u00e9rieur du Canada peuvent payer en ligne par carte de cr\u00e9dit via Square ou en argent comptant.<\/p>\r\n<p><strong>Termes et conditions<\/strong><\/p>\r\n<p>Droits d&#8217;auteur: Les droits d&#8217;auteur sur les photographies appartiennent au photographe. Les clients obtiennent une licence perp\u00e9tuelle pour usage personnel. Pour un usage commercial, des frais additionnels peuvent s&#8217;appliquer. Le photographe utilisera les images dans son portfolio seulement avec l&#8217;accord pr\u00e9alable des clients.<\/p>\r\n<p>Retard: Si vous arrivez en retard \u00e0 votre s\u00e9ance photo, le temps \u00e9coul\u00e9 entre votre arriv\u00e9e et l&#8217;heure de d\u00e9but pr\u00e9vue sera soustrait de votre s\u00e9ance et le nombre de photos incluses dans votre forfait sera r\u00e9duit au prorata. Il sera toutefois possible d&#8217;ajouter du temps additionnel avec des frais suppl\u00e9mentaires si le photographe est disponible.<\/p>\r\n","protected":false},"excerpt":{"rendered":"<p>Politique de confidentialit\u00e9 Anthony Rancourt offre un service de photographie. En retenant ses services ou en communiquant avec lui pour obtenir une soumission, vous consentez \u00e0 la collecte potentielle de certaines donn\u00e9es personnelles et \u00e0 leur usage tel que d\u00e9crit dans cette politique. Les donn\u00e9es collect\u00e9es peuvent \u00eatre votre nom, num\u00e9ro de t\u00e9l\u00e9phone, adresse courriel [&hellip;]<\/p>\n","protected":false},"author":1,"featured_media":0,"parent":0,"menu_order":0,"comment_status":"closed","ping_status":"closed","template":"","meta":{"_monsterinsights_skip_tracking":false,"_monsterinsights_sitenote_active":false,"_monsterinsights_sitenote_note":"","_monsterinsights_sitenote_category":0,"footnotes":""},"class_list":["post-5166","page","type-page","status-publish","hentry"],"_links":{"self":[{"href":"https:\/\/anthonyr.ca\/blog\/wp-json\/wp\/v2\/pages\/5166","targetHints":{"allow":["GET"]}}],"collection":[{"href":"https:\/\/anthonyr.ca\/blog\/wp-json\/wp\/v2\/pages"}],"about":[{"href":"https:\/\/anthonyr.ca\/blog\/wp-json\/wp\/v2\/types\/page"}],"author":[{"embeddable":true,"href":"https:\/\/anthonyr.ca\/blog\/wp-json\/wp\/v2\/users\/1"}],"replies":[{"embeddable":true,"href":"https:\/\/anthonyr.ca\/blog\/wp-json\/wp\/v2\/comments?post=5166"}],"version-history":[{"count":13,"href":"https:\/\/anthonyr.ca\/blog\/wp-json\/wp\/v2\/pages\/5166\/revisions"}],"predecessor-version":[{"id":5196,"href":"https:\/\/anthonyr.ca\/blog\/wp-json\/wp\/v2\/pages\/5166\/revisions\/5196"}],"wp:attachment":[{"href":"https:\/\/anthonyr.ca\/blog\/wp-json\/wp\/v2\/media?parent=5166"}],"curies":[{"name":"wp","href":"https:\/\/api.w.org\/{rel}","templated":true}]}}